{"id":3231,"date":"2021-04-25T18:42:16","date_gmt":"2021-04-25T18:42:16","guid":{"rendered":"https:\/\/www.tbbinternationalbank.com\/?page_id=3231"},"modified":"2021-04-25T18:42:16","modified_gmt":"2021-04-25T18:42:16","slug":"credit-cards-coming-soon","status":"publish","type":"page","link":"https:\/\/www.tbbinternationalbank.com\/en\/credit-cards-coming-soon\/","title":{"rendered":"Credit Cards &#8211; Coming Soon"},"content":{"rendered":"<div id='full_slider_1'  class='avia-fullwidth-slider main_color avia-shadow   avia-builder-el-0  el_before_av_one_half  avia-builder-el-first   container_wrap sidebar_right'  ><div  class='avia-slideshow av-kiksfhm0-352581f4935f43c9def8592ca9188d18 avia-slideshow-featured_large av_slideshow_full avia-fade-slider av-slideshow-ui av-control-default av-slideshow-manual av-loop-once av-loop-manual-endless av-default-height-applied   avia-slideshow-1' data-slideshow-options=\"{&quot;animation&quot;:&quot;fade&quot;,&quot;autoplay&quot;:false,&quot;loop_autoplay&quot;:&quot;once&quot;,&quot;interval&quot;:5,&quot;loop_manual&quot;:&quot;manual-endless&quot;,&quot;autoplay_stopper&quot;:false,&quot;noNavigation&quot;:false,&quot;bg_slider&quot;:false,&quot;keep_padding&quot;:false,&quot;hoverpause&quot;:false,&quot;show_slide_delay&quot;:0}\"  itemprop=\"image\" itemscope=\"itemscope\" itemtype=\"https:\/\/schema.org\/ImageObject\" ><ul class='avia-slideshow-inner ' style='padding-bottom: 42%;'><li  class='avia-slideshow-slide av-kiksfhm0-352581f4935f43c9def8592ca9188d18__0  av-single-slide slide-1 slide-odd'><div data-rel='slideshow-1' class='avia-slide-wrap '   ><div class='av-slideshow-caption av-kiksfhm0-352581f4935f43c9def8592ca9188d18__0 caption_fullwidth caption_left caption_left_framed caption_framed'><div class=\"container caption_container\"><div class=\"slideshow_caption\"><div class=\"slideshow_inner_caption\"><div class=\"slideshow_align_caption\"><h2 class='avia-caption-title '  itemprop=\"name\" >Coming soon<\/h2><div class='avia-caption-content '  itemprop=\"description\" ><p>Credit Cards Guaranteed Internationally.<\/p>\n<\/div><\/div><\/div><\/div><\/div><\/div><img decoding=\"async\" fetchpriority=\"high\" class=\"wp-image-657 avia-img-lazy-loading-not-657\"  src=\"https:\/\/www.tbbinternationalbank.com\/wp-content\/uploads\/2020\/09\/Creditcard2-1500x630.jpg\" width=\"1500\" height=\"630\" title='Creditcard2' alt=''  itemprop=\"thumbnailUrl\"   \/><div class='av-section-color-overlay' style='opacity: 0.2; background-color: #ffffff; '><\/div><\/div><\/li><\/ul><\/div><\/div><div id='after_full_slider_1'  class='main_color av_default_container_wrap container_wrap sidebar_right'  ><div class='container av-section-cont-open' ><div class='template-page content  av-content-small alpha units'><div class='post-entry post-entry-type-page post-entry-3231'><div class='entry-content-wrapper clearfix'>\n\n<style type=\"text\/css\" data-created_by=\"avia_inline_auto\" id=\"style-css-av-5vnv9u-58f59cd05e630d84ea2498b52829294b\">\n.flex_column.av-5vnv9u-58f59cd05e630d84ea2498b52829294b{\nborder-radius:0px 0px 0px 0px;\npadding:0px 0px 0px 0px;\n}\n<\/style>\n<div  class='flex_column av-5vnv9u-58f59cd05e630d84ea2498b52829294b av_one_half  avia-builder-el-1  el_after_av_slideshow_full  el_before_av_one_half  avia-builder-el-first  first flex_column_div av-zero-column-padding  '     ><p>\n<style type=\"text\/css\" data-created_by=\"avia_inline_auto\" id=\"style-css-av-4licgi-6a37adf3ca393c66703a38ada3788d64\">\n#top .hr.av-4licgi-6a37adf3ca393c66703a38ada3788d64{\nmargin-top:30px;\nmargin-bottom:30px;\n}\n.hr.av-4licgi-6a37adf3ca393c66703a38ada3788d64 .hr-inner{\nwidth:100px;\nborder-color:#be9337;\n}\n<\/style>\n<div  class='hr av-4licgi-6a37adf3ca393c66703a38ada3788d64 hr-custom  avia-builder-el-2  el_before_av_heading  avia-builder-el-first  hr-center hr-icon-no'><span class='hr-inner inner-border-av-border-thin'><span class=\"hr-inner-style\"><\/span><\/span><\/div><br \/>\n\n<style type=\"text\/css\" data-created_by=\"avia_inline_auto\" id=\"style-css-av-knxiq5cu-2f7cb4eb3dd666ee2b5133629805b906\">\n#top .av-special-heading.av-knxiq5cu-2f7cb4eb3dd666ee2b5133629805b906{\npadding-bottom:10px;\n}\nbody .av-special-heading.av-knxiq5cu-2f7cb4eb3dd666ee2b5133629805b906 .av-special-heading-tag .heading-char{\nfont-size:25px;\n}\n.av-special-heading.av-knxiq5cu-2f7cb4eb3dd666ee2b5133629805b906 .av-subheading{\nfont-size:15px;\n}\n<\/style>\n<div  class='av-special-heading av-knxiq5cu-2f7cb4eb3dd666ee2b5133629805b906 av-special-heading-h2 blockquote modern-quote modern-centered  avia-builder-el-3  el_after_av_hr  el_before_av_hr '><h2 class='av-special-heading-tag '  itemprop=\"headline\"  >Coming Soon The Best Credit Cards on the Market<\/h2><div class=\"special-heading-border\"><div class=\"special-heading-inner-border\"><\/div><\/div><\/div><br \/>\n\n<style type=\"text\/css\" data-created_by=\"avia_inline_auto\" id=\"style-css-av-4licgi-6a37adf3ca393c66703a38ada3788d64\">\n#top .hr.av-4licgi-6a37adf3ca393c66703a38ada3788d64{\nmargin-top:30px;\nmargin-bottom:30px;\n}\n.hr.av-4licgi-6a37adf3ca393c66703a38ada3788d64 .hr-inner{\nwidth:100px;\nborder-color:#be9337;\n}\n<\/style>\n<div  class='hr av-4licgi-6a37adf3ca393c66703a38ada3788d64 hr-custom  avia-builder-el-4  el_after_av_heading  el_before_av_textblock  hr-center hr-icon-no'><span class='hr-inner inner-border-av-border-thin'><span class=\"hr-inner-style\"><\/span><\/span><\/div><br \/>\n<section  class='av_textblock_section av-kikubl35-88c71004716fc5265c4e0e36549e8491 '   itemscope=\"itemscope\" itemtype=\"https:\/\/schema.org\/CreativeWork\" ><div class='avia_textblock'  itemprop=\"text\" ><p style=\"text-align: center;\">\n<p>At TBB International Bank we are working to bring you a product adapted to your needs, with which you can count on 24 hours a day and 365 days a year with all the support that only TBB International Bank can offer you.<\/p>\n<\/div><\/section><\/p><\/div>\n<style type=\"text\/css\" data-created_by=\"avia_inline_auto\" id=\"style-css-av-1xiub6-e2ccbe00447a7e208bfd139fd86169a4\">\n.flex_column.av-1xiub6-e2ccbe00447a7e208bfd139fd86169a4{\nborder-radius:0px 0px 0px 0px;\npadding:0px 0px 0px 0px;\n}\n<\/style>\n<div  class='flex_column av-1xiub6-e2ccbe00447a7e208bfd139fd86169a4 av_one_half  avia-builder-el-6  el_after_av_one_half  avia-builder-el-last  flex_column_div av-zero-column-padding  '     ><style type=\"text\/css\" data-created_by=\"avia_inline_auto\" id=\"style-css-av-kiku70rz-95778bfea0bf74ed6e76760c41618530\">\n.avia-image-container.av-kiku70rz-95778bfea0bf74ed6e76760c41618530 img.avia_image{\nbox-shadow:none;\n}\n.avia-image-container.av-kiku70rz-95778bfea0bf74ed6e76760c41618530 .av-image-caption-overlay-center{\ncolor:#ffffff;\n}\n<\/style>\n<div  class='avia-image-container av-kiku70rz-95778bfea0bf74ed6e76760c41618530 av-styling-circle avia-align-center  avia-builder-el-7  avia-builder-el-no-sibling '   itemprop=\"image\" itemscope=\"itemscope\" itemtype=\"https:\/\/schema.org\/ImageObject\" ><div class=\"avia-image-container-inner\"><div class=\"avia-image-overlay-wrap\"><img decoding=\"async\" fetchpriority=\"high\" class='wp-image-476 avia-img-lazy-loading-not-476 avia_image ' src=\"https:\/\/www.tbbinternationalbank.com\/wp-content\/uploads\/2015\/10\/tdc3.jpg\" alt='' title='tdc3'  height=\"342\" width=\"495\"  itemprop=\"thumbnailUrl\" srcset=\"https:\/\/www.tbbinternationalbank.com\/wp-content\/uploads\/2015\/10\/tdc3.jpg 620w, https:\/\/www.tbbinternationalbank.com\/wp-content\/uploads\/2015\/10\/tdc3-300x207.jpg 300w\" sizes=\"(max-width: 495px) 100vw, 495px\" \/><\/div><\/div><\/div><\/div><\/p>\n","protected":false},"excerpt":{"rendered":"","protected":false},"author":2,"featured_media":0,"parent":0,"menu_order":0,"comment_status":"closed","ping_status":"closed","template":"","meta":{"footnotes":""},"class_list":["post-3231","page","type-page","status-publish","hentry"],"yoast_head":"<!-- This site is optimized with the Yoast SEO plugin v26.6 - https:\/\/yoast.com\/wordpress\/plugins\/seo\/ -->\n<title>Credit Card - tbbinternationalbank.com<\/title>\n<meta name=\"description\" content=\"Explora nuestra gama de tarjetas de cr\u00e9dito en TBB International Bank. Descubre los beneficios exclusivos, programas de recompensas que estar\u00e1n pr\u00f3ximamente disponibles para usted.\" \/>\n<meta name=\"robots\" content=\"index, follow, max-snippet:-1, max-image-preview:large, max-video-preview:-1\" \/>\n<link rel=\"canonical\" href=\"https:\/\/www.tbbinternationalbank.com\/proximamente-tarjetas-de-credito\/\" \/>\n<meta property=\"og:locale\" content=\"en_US\" \/>\n<meta property=\"og:type\" content=\"article\" \/>\n<meta property=\"og:title\" content=\"Credit Card - tbbinternationalbank.com\" \/>\n<meta property=\"og:description\" content=\"Explora nuestra gama de tarjetas de cr\u00e9dito en TBB International Bank. Descubre los beneficios exclusivos, programas de recompensas que estar\u00e1n pr\u00f3ximamente disponibles para usted.\" \/>\n<meta property=\"og:url\" content=\"https:\/\/www.tbbinternationalbank.com\/proximamente-tarjetas-de-credito\/\" \/>\n<meta property=\"og:site_name\" content=\"TBB International Bank\" \/>\n<meta name=\"twitter:card\" content=\"summary_large_image\" \/>\n<meta name=\"twitter:label1\" content=\"Est. reading time\" \/>\n\t<meta name=\"twitter:data1\" content=\"2 minutes\" \/>\n<script type=\"application\/ld+json\" class=\"yoast-schema-graph\">{\"@context\":\"https:\/\/schema.org\",\"@graph\":[{\"@type\":\"WebPage\",\"@id\":\"https:\/\/www.tbbinternationalbank.com\/proximamente-tarjetas-de-credito\/\",\"url\":\"https:\/\/www.tbbinternationalbank.com\/proximamente-tarjetas-de-credito\/\",\"name\":\"Credit Card - tbbinternationalbank.com\",\"isPartOf\":{\"@id\":\"https:\/\/www.tbbinternationalbank.com\/#website\"},\"datePublished\":\"2021-04-25T18:42:16+00:00\",\"description\":\"Explora nuestra gama de tarjetas de cr\u00e9dito en TBB International Bank. Descubre los beneficios exclusivos, programas de recompensas que estar\u00e1n pr\u00f3ximamente disponibles para usted.\",\"breadcrumb\":{\"@id\":\"https:\/\/www.tbbinternationalbank.com\/proximamente-tarjetas-de-credito\/#breadcrumb\"},\"inLanguage\":\"en-US\",\"potentialAction\":[{\"@type\":\"ReadAction\",\"target\":[\"https:\/\/www.tbbinternationalbank.com\/proximamente-tarjetas-de-credito\/\"]}]},{\"@type\":\"BreadcrumbList\",\"@id\":\"https:\/\/www.tbbinternationalbank.com\/proximamente-tarjetas-de-credito\/#breadcrumb\",\"itemListElement\":[{\"@type\":\"ListItem\",\"position\":1,\"name\":\"Inicio\",\"item\":\"https:\/\/www.tbbinternationalbank.com\/en\/\"},{\"@type\":\"ListItem\",\"position\":2,\"name\":\"Credit Cards &#8211; Coming Soon\"}]},{\"@type\":\"WebSite\",\"@id\":\"https:\/\/www.tbbinternationalbank.com\/#website\",\"url\":\"https:\/\/www.tbbinternationalbank.com\/\",\"name\":\"TBB International Bank\",\"description\":\"Bienvenidos a TBB International Bank Puerto Rico es un Placer para Nosotros Atenderlo\",\"publisher\":{\"@id\":\"https:\/\/www.tbbinternationalbank.com\/#organization\"},\"potentialAction\":[{\"@type\":\"SearchAction\",\"target\":{\"@type\":\"EntryPoint\",\"urlTemplate\":\"https:\/\/www.tbbinternationalbank.com\/?s={search_term_string}\"},\"query-input\":{\"@type\":\"PropertyValueSpecification\",\"valueRequired\":true,\"valueName\":\"search_term_string\"}}],\"inLanguage\":\"en-US\"},{\"@type\":\"Organization\",\"@id\":\"https:\/\/www.tbbinternationalbank.com\/#organization\",\"name\":\"TBB International Bank\",\"url\":\"https:\/\/www.tbbinternationalbank.com\/\",\"logo\":{\"@type\":\"ImageObject\",\"inLanguage\":\"en-US\",\"@id\":\"https:\/\/www.tbbinternationalbank.com\/#\/schema\/logo\/image\/\",\"url\":\"https:\/\/www.tbbinternationalbank.com\/wp-content\/uploads\/2020\/11\/TBB_Logoprincipal-t.png\",\"contentUrl\":\"https:\/\/www.tbbinternationalbank.com\/wp-content\/uploads\/2020\/11\/TBB_Logoprincipal-t.png\",\"width\":3805,\"height\":1536,\"caption\":\"TBB International Bank\"},\"image\":{\"@id\":\"https:\/\/www.tbbinternationalbank.com\/#\/schema\/logo\/image\/\"}}]}<\/script>\n<!-- \/ Yoast SEO plugin. -->","yoast_head_json":{"title":"Credit Card - tbbinternationalbank.com","description":"Explora nuestra gama de tarjetas de cr\u00e9dito en TBB International Bank. Descubre los beneficios exclusivos, programas de recompensas que estar\u00e1n pr\u00f3ximamente disponibles para usted.","robots":{"index":"index","follow":"follow","max-snippet":"max-snippet:-1","max-image-preview":"max-image-preview:large","max-video-preview":"max-video-preview:-1"},"canonical":"https:\/\/www.tbbinternationalbank.com\/proximamente-tarjetas-de-credito\/","og_locale":"en_US","og_type":"article","og_title":"Credit Card - tbbinternationalbank.com","og_description":"Explora nuestra gama de tarjetas de cr\u00e9dito en TBB International Bank. Descubre los beneficios exclusivos, programas de recompensas que estar\u00e1n pr\u00f3ximamente disponibles para usted.","og_url":"https:\/\/www.tbbinternationalbank.com\/proximamente-tarjetas-de-credito\/","og_site_name":"TBB International Bank","twitter_card":"summary_large_image","twitter_misc":{"Est. reading time":"2 minutes"},"schema":{"@context":"https:\/\/schema.org","@graph":[{"@type":"WebPage","@id":"https:\/\/www.tbbinternationalbank.com\/proximamente-tarjetas-de-credito\/","url":"https:\/\/www.tbbinternationalbank.com\/proximamente-tarjetas-de-credito\/","name":"Credit Card - tbbinternationalbank.com","isPartOf":{"@id":"https:\/\/www.tbbinternationalbank.com\/#website"},"datePublished":"2021-04-25T18:42:16+00:00","description":"Explora nuestra gama de tarjetas de cr\u00e9dito en TBB International Bank. Descubre los beneficios exclusivos, programas de recompensas que estar\u00e1n pr\u00f3ximamente disponibles para usted.","breadcrumb":{"@id":"https:\/\/www.tbbinternationalbank.com\/proximamente-tarjetas-de-credito\/#breadcrumb"},"inLanguage":"en-US","potentialAction":[{"@type":"ReadAction","target":["https:\/\/www.tbbinternationalbank.com\/proximamente-tarjetas-de-credito\/"]}]},{"@type":"BreadcrumbList","@id":"https:\/\/www.tbbinternationalbank.com\/proximamente-tarjetas-de-credito\/#breadcrumb","itemListElement":[{"@type":"ListItem","position":1,"name":"Inicio","item":"https:\/\/www.tbbinternationalbank.com\/en\/"},{"@type":"ListItem","position":2,"name":"Credit Cards &#8211; Coming Soon"}]},{"@type":"WebSite","@id":"https:\/\/www.tbbinternationalbank.com\/#website","url":"https:\/\/www.tbbinternationalbank.com\/","name":"TBB International Bank","description":"Bienvenidos a TBB International Bank Puerto Rico es un Placer para Nosotros Atenderlo","publisher":{"@id":"https:\/\/www.tbbinternationalbank.com\/#organization"},"potentialAction":[{"@type":"SearchAction","target":{"@type":"EntryPoint","urlTemplate":"https:\/\/www.tbbinternationalbank.com\/?s={search_term_string}"},"query-input":{"@type":"PropertyValueSpecification","valueRequired":true,"valueName":"search_term_string"}}],"inLanguage":"en-US"},{"@type":"Organization","@id":"https:\/\/www.tbbinternationalbank.com\/#organization","name":"TBB International Bank","url":"https:\/\/www.tbbinternationalbank.com\/","logo":{"@type":"ImageObject","inLanguage":"en-US","@id":"https:\/\/www.tbbinternationalbank.com\/#\/schema\/logo\/image\/","url":"https:\/\/www.tbbinternationalbank.com\/wp-content\/uploads\/2020\/11\/TBB_Logoprincipal-t.png","contentUrl":"https:\/\/www.tbbinternationalbank.com\/wp-content\/uploads\/2020\/11\/TBB_Logoprincipal-t.png","width":3805,"height":1536,"caption":"TBB International Bank"},"image":{"@id":"https:\/\/www.tbbinternationalbank.com\/#\/schema\/logo\/image\/"}}]}},"_links":{"self":[{"href":"https:\/\/www.tbbinternationalbank.com\/en\/wp-json\/wp\/v2\/pages\/3231","targetHints":{"allow":["GET"]}}],"collection":[{"href":"https:\/\/www.tbbinternationalbank.com\/en\/wp-json\/wp\/v2\/pages"}],"about":[{"href":"https:\/\/www.tbbinternationalbank.com\/en\/wp-json\/wp\/v2\/types\/page"}],"author":[{"embeddable":true,"href":"https:\/\/www.tbbinternationalbank.com\/en\/wp-json\/wp\/v2\/users\/2"}],"replies":[{"embeddable":true,"href":"https:\/\/www.tbbinternationalbank.com\/en\/wp-json\/wp\/v2\/comments?post=3231"}],"version-history":[{"count":3,"href":"https:\/\/www.tbbinternationalbank.com\/en\/wp-json\/wp\/v2\/pages\/3231\/revisions"}],"predecessor-version":[{"id":3234,"href":"https:\/\/www.tbbinternationalbank.com\/en\/wp-json\/wp\/v2\/pages\/3231\/revisions\/3234"}],"wp:attachment":[{"href":"https:\/\/www.tbbinternationalbank.com\/en\/wp-json\/wp\/v2\/media?parent=3231"}],"curies":[{"name":"wp","href":"https:\/\/api.w.org\/{rel}","templated":true}]}}